{"id":21,"date":"2016-08-15T23:15:21","date_gmt":"2016-08-15T21:15:21","guid":{"rendered":"http:\/\/sachsen.nsu-watch.info\/?page_id=21"},"modified":"2016-09-22T18:45:30","modified_gmt":"2016-09-22T16:45:30","slug":"ueber-uns","status":"publish","type":"page","link":"https:\/\/sachsen.nsu-watch.info\/index.php\/ueber-uns\/","title":{"rendered":"\u00dcber uns"},"content":{"rendered":"<p>NSU Watch Sachsen berichtet unabh\u00e4ngig \u00fcber die Arbeit des 1. Untersuchungsausschusses &#8220;Neonazistische Terrornetzwerke in Sachsen&#8221; und zu s\u00e4chsischen Besonderheiten im Themenkomplex Nationalsozialistischer Untergrund.<\/p>\n<p>NSU Watch Sachsen ist Teil des bundesweiten NSU Watch-Netzwerkes aus antifaschistischen und antirassistischen Initiativen und Einzelpersonen.<\/p>\n","protected":false},"excerpt":{"rendered":"<p>NSU Watch Sachsen berichtet unabh\u00e4ngig \u00fcber die Arbeit des 1. Untersuchungsausschusses &#8220;Neonazistische Terrornetzwerke in Sachsen&#8221; und zu s\u00e4chsischen Besonderheiten im Themenkomplex Nationalsozialistischer Untergrund. NSU Watch Sachsen ist Teil des bundesweiten NSU Watch-Netzwerkes aus antifaschistischen und antirassistischen Initiativen und Einzelpersonen.<\/p>\n","protected":false},"author":1,"featured_media":0,"parent":0,"menu_order":0,"comment_status":"closed","ping_status":"closed","template":"","meta":{"footnotes":""},"class_list":["post-21","page","type-page","status-publish"],"_links":{"self":[{"href":"https:\/\/sachsen.nsu-watch.info\/index.php\/wp-json\/wp\/v2\/pages\/21","targetHints":{"allow":["GET"]}}],"collection":[{"href":"https:\/\/sachsen.nsu-watch.info\/index.php\/wp-json\/wp\/v2\/pages"}],"about":[{"href":"https:\/\/sachsen.nsu-watch.info\/index.php\/wp-json\/wp\/v2\/types\/page"}],"author":[{"embeddable":true,"href":"https:\/\/sachsen.nsu-watch.info\/index.php\/wp-json\/wp\/v2\/users\/1"}],"replies":[{"embeddable":true,"href":"https:\/\/sachsen.nsu-watch.info\/index.php\/wp-json\/wp\/v2\/comments?post=21"}],"version-history":[{"count":2,"href":"https:\/\/sachsen.nsu-watch.info\/index.php\/wp-json\/wp\/v2\/pages\/21\/revisions"}],"predecessor-version":[{"id":77,"href":"https:\/\/sachsen.nsu-watch.info\/index.php\/wp-json\/wp\/v2\/pages\/21\/revisions\/77"}],"wp:attachment":[{"href":"https:\/\/sachsen.nsu-watch.info\/index.php\/wp-json\/wp\/v2\/media?parent=21"}],"curies":[{"name":"wp","href":"https:\/\/api.w.org\/{rel}","templated":true}]}}