{"id":107,"date":"2016-10-26T21:03:43","date_gmt":"2016-10-26T19:03:43","guid":{"rendered":"http:\/\/sachsen.nsu-watch.info\/?page_id=107"},"modified":"2018-10-16T10:48:10","modified_gmt":"2018-10-16T08:48:10","slug":"zeugeninnen","status":"publish","type":"page","link":"https:\/\/sachsen.nsu-watch.info\/index.php\/zeugeninnen\/","title":{"rendered":"Zeugen\/innen"},"content":{"rendered":"<p><strong>Baumann, Andreas<\/strong><br \/>\n(<span class=\"\">ehemaliger Inspekteur der Polizei im SM<\/span>I)<br \/>\n<a href=\"http:\/\/sachsen.nsu-watch.info\/index.php\/2018\/10\/16\/bericht-38-sitzung-24-september-2018\/\">38. Sitzung, 24.09.2018<\/a><\/p>\n<p><strong>Belling, Dirk<\/strong><br \/>\n(Datenschutzbeauftragter des LfV Sachsen)<br \/>\n<a href=\"http:\/\/sachsen.nsu-watch.info\/index.php\/2018\/07\/02\/bericht-35-sitzung-25-juni-2018\/\">35. Sitzung, 25.06.2018<\/a><\/p>\n<p><strong>Bindrich, Peter<\/strong><br \/>\n(ehemaliger Leiter des Jugendclubs Piccolo in Chemnitz)<br \/>\n<a href=\"http:\/\/sachsen.nsu-watch.info\/index.php\/2018\/09\/10\/bericht-37-sitzung-3-september-2018\/\">37. Sitzung, 03.09.2018<\/a><\/p>\n<p><strong>Binz, Rainer<\/strong><br \/>\n(<span class=\"\">leitender Ermittler beim BKA<\/span>)<br \/>\n<a href=\"http:\/\/sachsen.nsu-watch.info\/index.php\/2018\/10\/16\/bericht-38-sitzung-24-september-2018\/\">38. Sitzung, 24.09.2018<\/a><\/p>\n<p><strong>Boos, Reinhard<\/strong><br \/>\n(ehemaliger Pr\u00e4sident des LfV Sachsen)<br \/>\n<a href=\"http:\/\/sachsen.nsu-watch.info\/index.php\/2017\/07\/03\/bericht-20-sitzung-19-juni-2017\/\">20. Sitzung, 19.06.2017<\/a><\/p>\n<p><strong>Czanderle, Bernd<\/strong><br \/>\n(ehemals LKA Sachsen, Zielfahnder beim Mobilen Einsatzkommando Staatsschutz)<br \/>\n<a href=\"http:\/\/sachsen.nsu-watch.info\/index.php\/2017\/10\/10\/bericht-22-sitzung-25-september-2017\/\">22. Sitzung, 25.09.2017<\/a><\/p>\n<p><strong>Dietze, Karin<\/strong><br \/>\n(Oberstaatsanw\u00e4ltin, Verantwortlich f\u00fcr die Ermittlungen zu den ersten vier Raubstraftaten des NSU in Chemnitz)<br \/>\n<a href=\"http:\/\/sachsen.nsu-watch.info\/index.php\/2017\/03\/17\/bericht-17-sitzung-13-maerz-2017\/\">17. Sitzung, 13.03.2017<\/a><\/p>\n<p><strong>Dressler, J\u00fcrgen<\/strong><br \/>\n(LKA Th\u00fcringen, Leiter der EG \u00bbTex\u00ab)<br \/>\n<a href=\"http:\/\/sachsen.nsu-watch.info\/index.php\/2017\/11\/24\/bericht-25-sitzung-20-oktober-2017\/\">25. Sitzung, 20.10.2017<\/a><\/p>\n<p><strong>D\u00fcni\u00df, Hendrik<br \/>\n<\/strong>(Polizeibeamter beim Kriminaldauerdienst Zwickau, Ermittlungen zur Fr\u00fchlingsstra\u00dfe ab 4.11.2011)<br \/>\n<a href=\"http:\/\/sachsen.nsu-watch.info\/index.php\/2016\/08\/22\/bericht-5-sitzung-5-oktober-2015\/\">5. Sitzung, 05.10.2016<\/a><\/p>\n<p><strong>Falk, Matthias<\/strong><br \/>\n(Regierungsbeauftragter im UA und seit 2016 Abteilungsleiter im LfV Sachsen)<br \/>\n<a href=\"http:\/\/sachsen.nsu-watch.info\/index.php\/2018\/09\/10\/bericht-37-sitzung-3-september-2018\/\">37. Sitzung, 03.09.2018<\/a><\/p>\n<p><strong>Findei\u00df, Pia<\/strong><br \/>\n(Oberb\u00fcrgermeisterin der Stadt Zwickau)<br \/>\n<a href=\"http:\/\/sachsen.nsu-watch.info\/index.php\/2016\/10\/26\/bericht-14-sitzung-26-september-2016\/\">14. Sitzung, 26.09.2016<\/a><\/p>\n<p><strong>Flemig, Volker<br \/>\n<\/strong>(Polizeibeamter bei der Kriminalpolizei Zwickau, Ermittlungen zur Raubserie)<br \/>\n<a href=\"http:\/\/sachsen.nsu-watch.info\/index.php\/2017\/04\/20\/bericht-18-sitzung-7-april-2017\/\">18. Sitzung, 07.04.2017<\/a><\/p>\n<p><strong>Fromm, Heinz<\/strong><br \/>\n(ehemaliger Pr\u00e4sident des Bundesamts f\u00fcr Verfassungschutz)<br \/>\n<a href=\"http:\/\/sachsen.nsu-watch.info\/index.php\/2017\/02\/08\/bericht-16-sitzung-30-januar-2017\/\">16. Sitzung, 30.01.2017<\/a><\/p>\n<p><strong>G., &#8230;<\/strong><br \/>\n(ehemalige Mitarbeiterin des Jugendclubs Piccolo in Chemnitz)<br \/>\n<a href=\"http:\/\/sachsen.nsu-watch.info\/index.php\/2018\/09\/10\/bericht-37-sitzung-3-september-2018\/\">37. Sitzung, 03.09.2018<\/a><\/p>\n<p><strong>G\u00fcnnel, Heinrich<\/strong><br \/>\n(Branddirektor der Stadt Zwickau)<br \/>\n<a href=\"http:\/\/sachsen.nsu-watch.info\/index.php\/2016\/08\/22\/bericht-7-sitzung-14-dezember-2015\/\">7. Sitzung, 14.12.2015<\/a><\/p>\n<p><strong>Heckel, Lutz<\/strong><br \/>\n(LKA Sachsen, stellvertretender Leiter des Dezernat 523, F<span class=\"\">achbereich Verdeckte Fahndung<\/span>)<br \/>\n<a href=\"http:\/\/sachsen.nsu-watch.info\/index.php\/2017\/10\/10\/bericht-22-sitzung-25-september-2017\/\">22. Sitzung, 25.09.2017<\/a><\/p>\n<p><strong>Hellinger, Gert<\/strong><br \/>\n(Polizeibeamter und Brandursachenermittler in Zwickau, erster Brandursachenermittler am Brandort in der Fr\u00fchlingsstra\u00dfe 26)<br \/>\n<a href=\"http:\/\/sachsen.nsu-watch.info\/index.php\/2016\/09\/22\/bericht-10-sitzung-18-april-2016\/\">10. Sitzung: 18.04.2016<\/a><\/p>\n<p><strong>Herfurth, Antje<\/strong><br \/>\n(Verwaltungsfachwirtin, Bewohnerin der Fr\u00fchlingsstra\u00dfe 26, traf kurz nach dem Ausbruch des Brandes auf Beate Zsch\u00e4pe)<br \/>\n<a href=\"http:\/\/sachsen.nsu-watch.info\/index.php\/2016\/09\/22\/bericht-11-sitzung-23-mai-2016\/\">11. Sitzung, 23.05.2016<\/a><\/p>\n<p><strong>H\u00f6hne, Volker<br \/>\n<\/strong>(Polizeibeamter beim LKA Sachsen, ehem. Leiter der Abteilung 7)<br \/>\n<a href=\"http:\/\/sachsen.nsu-watch.info\/index.php\/2018\/06\/18\/34-bericht-28-mai-2018\/\">34. Sitzung, 28.05.2018<\/a><\/p>\n<p><strong>Illing, Holger<\/strong><br \/>\n(Oberstaatsanwalt, Leiter der Ermittlungen nach dem Brand in der Fr\u00fchlingsstra\u00dfe 26 in Zwickau)<br \/>\n<a href=\"http:\/\/sachsen.nsu-watch.info\/index.php\/2016\/11\/14\/bericht-15-sitzung-7-november-2016\/\">15. Sitzung, 7.11.2016<\/a><\/p>\n<p><strong>K\u00e4mmerer, Jan-Erik<\/strong><br \/>\n(Zielfahndung LKA Th\u00fcringen)<br \/>\n<a href=\"http:\/\/sachsen.nsu-watch.info\/index.php\/2018\/03\/26\/bericht-29-sitzung-12-maerz-2018\/\">29. Sitzung, 12.03.2018<\/a> | <a href=\"http:\/\/sachsen.nsu-watch.info\/index.php\/2018\/05\/29\/bericht-33-sitzung-18-mai-2018\/\">33. Sitzung, 18.05.2018<\/a><\/p>\n<p><strong>Kleimann, Friedhelm<\/strong><br \/>\n(LKA Th\u00fcringen, Staatsschutz)<br \/>\n<a href=\"http:\/\/sachsen.nsu-watch.info\/index.php\/2017\/11\/24\/bericht-26-sitzung-13-november-2017\/\">26. Sitzung, 13.11.2017<\/a><\/p>\n<p><strong>Kretzschmar, Horst<\/strong><br \/>\n(Polizeipr\u00e4sident von Dresden, angeh\u00f6rt wegen seiner fr\u00fcheren Position als SEK-Kommadof\u00fchrer)<br \/>\n<a href=\"http:\/\/sachsen.nsu-watch.info\/index.php\/2018\/03\/26\/bericht-29-sitzung-12-maerz-2018\/\">29. Sitzung, 12.03.2018<\/a><\/p>\n<p><strong>Lange, Volker<\/strong><br \/>\n(ehemaliger Referatsleiter \u00bbRechtsextremismus\u00ab beim LfV Sachsen, verantwortlich f\u00fcr die Suche nach dem im Chemnitz untergetauchtem\u00a0 Trio, heute: Leiter der Kriminalpolizei der PD Dresden)<br \/>\n<a href=\"http:\/\/sachsen.nsu-watch.info\/index.php\/2017\/05\/30\/bericht-19-sitzung-15-mai-2017\/\">19. Sitzung, 15.05.2017<\/a><\/p>\n<p><strong>L\u00e4ssig, Frank<\/strong><br \/>\n(Polizeibeamter, Dienstgruppenf\u00fchrer beim Kriminaldauerdienst Zwickau, am 4.11.2011 Leiter der Tagschicht)<br \/>\n<a href=\"http:\/\/sachsen.nsu-watch.info\/index.php\/2016\/08\/27\/bericht-9-sitzung-14-maerz-2016\/\">9. Sitzung, 14.03.2016<\/a><\/p>\n<p><strong>Leder, Marcus<\/strong><br \/>\n(<span class=\"\">ehemaliger Referent in der S\u00e4chsischen Staatskanzlei<\/span>)<br \/>\n<a href=\"http:\/\/sachsen.nsu-watch.info\/index.php\/2018\/10\/16\/bericht-38-sitzung-24-september-2018\/\">38. Sitzung, 24.09.2018<\/a><\/p>\n<p><strong>Lenk, Frank<\/strong><br \/>\n(Polizeibeamter, Brandursachenermittler bei der Polizeidirektion Zwickau, leitete die Ermittlungen am Brandort in der Fr\u00fchlingsstra\u00dfe 26)<br \/>\n<a href=\"http:\/\/sachsen.nsu-watch.info\/index.php\/2016\/08\/22\/bericht-6-sitzung-16-november-2015\/\">6. Sitzung, 16.11.2015<\/a><\/p>\n<p><strong>Leucht, Christian<\/strong><br \/>\n(Polizeibeamter, Leiter des Kommissariats Eigentumsdelikte der Kripo Zwickau)<br \/>\n<a href=\"http:\/\/sachsen.nsu-watch.info\/index.php\/2017\/05\/30\/bericht-19-sitzung-15-mai-2017\/\">19. Sitzung, 15.05.2017<\/a> | <a href=\"http:\/\/sachsen.nsu-watch.info\/index.php\/2017\/07\/03\/bericht-20-sitzung-19-juni-2017\/\">20. Sitzung, 19.06.2017<\/a><\/p>\n<p><strong>Lindauer, Dieter<\/strong><br \/>\n(Polizeibeamter, ehemaliger Leiter des Dezernats Staatsschutz Zwickau)<br \/>\n<a href=\"http:\/\/sachsen.nsu-watch.info\/index.php\/2018\/05\/29\/bericht-33-sitzung-18-mai-2018\/\">33. Sitzung, 18.05.2018<\/a><\/p>\n<p><strong>Maa\u00dfen, Hans-Georg<\/strong><br \/>\n(Pr\u00e4sident des Bundesamts f\u00fcr Verfassungschutz)<br \/>\n<a href=\"http:\/\/sachsen.nsu-watch.info\/index.php\/2017\/02\/08\/bericht-16-sitzung-30-januar-2017\/\">16. Sitzung, 30.01.2017<\/a><\/p>\n<p><strong>Meyer-Plath, Gordian<\/strong><br \/>\n(Pr\u00e4sident des Landesamts f\u00fcr Verfassungsschutz Sachsen, fr\u00fcher: Mitarbeiter beim LfV Brandenburg und V-Mann-F\u00fchrer von Carsten \u00bbPiatto\u00ab Szczepanski)<br \/>\n<a href=\"http:\/\/sachsen.nsu-watch.info\/index.php\/2018\/01\/10\/bericht-26-sitzung-11-dezember-2017\/\">27. Sitzung, 11.12.2017<\/a><\/p>\n<p><strong>Mitarbeiter 3<\/strong><br \/>\n(LfV Sachsen)<br \/>\n30. Sitzung, 23.04.2018 &#8211; <em>geheime Sitzung<\/em><\/p>\n<p><strong>Mitarbeiter 14<\/strong><br \/>\n(LfV Sachsen)<br \/>\n<a href=\"http:\/\/sachsen.nsu-watch.info\/index.php\/2017\/11\/24\/24-sitzung-18-oktober-2017\/\">24. Sitzung, 18.10.2017<\/a><\/p>\n<p><strong>Mitarbeiter 19<\/strong><br \/>\n(LfV Sachsen)<br \/>\n32. Sitzung, 16.05.2018 &#8211; <em>geheime Sitzung<\/em><\/p>\n<p><strong>Mitarbeiter 32<\/strong><br \/>\n(LfV Sachsen)<br \/>\n30. Sitzung, 23.04.2018 &#8211; <em>geheime Sitzung<\/em><\/p>\n<p><strong>Mitarbeiter 33<\/strong><br \/>\n(LfV Sachsen)<br \/>\n31. Sitzung, 27.04.2018 &#8211; <em>geheime Sitzung<\/em><\/p>\n<p><strong>Mitarbeiter 50<\/strong><br \/>\n(LfV Sachsen)<br \/>\n31. Sitzung, 27.04.2018 &#8211; <em>geheime Sitzung<\/em><\/p>\n<p><strong>Mitarbeiter 59<\/strong><br \/>\n(LfV Sachsen)<br \/>\n<a href=\"http:\/\/sachsen.nsu-watch.info\/index.php\/2017\/11\/24\/bericht-23-sitzung-16-oktober-2017\/\">23. Sitzung, 16.10.2017<\/a><\/p>\n<p><strong>Mitarbeiter 66<\/strong><br \/>\n(LfV Sachsen)<br \/>\n<a href=\"http:\/\/sachsen.nsu-watch.info\/index.php\/2017\/11\/24\/bericht-23-sitzung-16-oktober-2017\/\">23. Sitzung, 16.10.2017<\/a><\/p>\n<p><strong>Mitarbeiter 70<\/strong><br \/>\n(LfV Sachsen)<br \/>\n31. Sitzung, 27.04.2018 &#8211; <em>geheime Sitzung<\/em><\/p>\n<p><strong>Mitarbeiter 84<\/strong><br \/>\n(LfV Sachsen)<br \/>\n32. Sitzung, 16.05.2018 &#8211; <em>geheime Sitzung<\/em><\/p>\n<p><strong>Mitarbeiter 95<\/strong><br \/>\n(LfV Sachsen)<br \/>\n<a href=\"http:\/\/sachsen.nsu-watch.info\/index.php\/2017\/11\/24\/24-sitzung-18-oktober-2017\/\">24. Sitzung, 18.10.2017<\/a><\/p>\n<p><strong>Mitarbeiter 107<\/strong><br \/>\n(LfV Sachsen)<br \/>\n32. Sitzung, 16.05.2018 &#8211; <em>geheime Sitzung<\/em><\/p>\n<p><strong>Mittmann, Kai-Uwe<\/strong><br \/>\n(Polizeibeamter, am 4.11.2011 Leiter des Streifendienstes Zwickau und verantwortlich f\u00fcr die ersten Absperrma\u00dfnahmen am Brandort Fr\u00fchlingsstra\u00dfe 26)<br \/>\n<a href=\"http:\/\/sachsen.nsu-watch.info\/index.php\/2016\/08\/22\/bericht-7-sitzung-14-dezember-2015\/\">7. Sitzung, 14.12.2015<\/a><\/p>\n<p><strong>M\u00fcller, Siegfried<\/strong><br \/>\n(pensionierter Polizeibeamter, Dienstgruppenf\u00fchrer beim Kriminaldauerdienst am 4.11.2011)<br \/>\n<a href=\"http:\/\/sachsen.nsu-watch.info\/index.php\/2016\/08\/27\/bericht-9-sitzung-14-maerz-2016\/\">9. Sitzung, 14.03.2016<\/a><\/p>\n<p><strong>M\u00fcller, Thomas<\/strong><br \/>\n(pensionierter Polizeibeamter, am 4.11.2011 Kriminalhauptkommissar beim Komissariat 11 der Polizeidirektion Zwickau)<br \/>\n<a href=\"http:\/\/sachsen.nsu-watch.info\/index.php\/2016\/08\/26\/bericht-8-sitzung-1-februar-2016\/\">8. Sitzung, 01.02.2016<\/a><\/p>\n<p><strong>Naumann, J\u00f6rn<\/strong><br \/>\n(Polizeibeamter, findet die Ceska-Pistole im Bauschutt, damals: Auszubildender der Polizeifachschule Chemnitz)<br \/>\n<a href=\"http:\/\/sachsen.nsu-watch.info\/index.php\/2016\/08\/22\/bericht-5-sitzung-5-oktober-2015\/\">5. Sitzung, 05.10.2016<\/a><\/p>\n<p><strong>Oswald, Grit<\/strong><br \/>\n(Zielfahndung LKA Th\u00fcringen)<br \/>\n<a href=\"http:\/\/sachsen.nsu-watch.info\/index.php\/2018\/02\/20\/bericht-28-sitzung-29-januar-2018\/\">28. Sitzung, 29.01.2018<\/a><\/p>\n<p><strong>Otto, Thomas<br \/>\n<\/strong>(Polizeibeamter bei der Kriminalpolizei Zwickau, Ermittlungen zur Raubserie)<br \/>\n<a href=\"http:\/\/sachsen.nsu-watch.info\/index.php\/2017\/04\/20\/bericht-18-sitzung-7-april-2017\/\">18. Sitzung, 07.04.2017<\/a><\/p>\n<p><strong>Philipp, Swen<\/strong><br \/>\n(Polizeibeamter, zum Zeitpunkt des Brandes in der Fr\u00fchlingsstra\u00dfe stellvertretender Leiter der Kriminalpolizeiinspektion, koordinierte im Lage- und F\u00fchrungszentrum die Ermittlungsarbeit)<br \/>\n<a href=\"http:\/\/sachsen.nsu-watch.info\/index.php\/2016\/08\/26\/bericht-8-sitzung-1-februar-2016\/\">8. Sitzung, 01.02.2016<\/a> |\u00a0<a href=\"http:\/\/sachsen.nsu-watch.info\/index.php\/2016\/12\/09\/nachgereicht-bericht-13-sitzung-29-august-2016\/\">13. Sitzung, 29.08.2016<\/a><\/p>\n<p><strong>Poitschke, Andr\u00e9<\/strong><br \/>\n(Polizeibeamter bei der Kriminalpolizei Zwickau, f\u00fchrte die Beschuldigtenvernehmung mit Beate Zsch\u00e4pe durch)<br \/>\n<a href=\"http:\/\/sachsen.nsu-watch.info\/index.php\/2016\/10\/26\/bericht-12-sitzung-20-juni-2016\/\">12. Sitzung, 20.06.2016<\/a><\/p>\n<p><strong>Pr\u00fcfer, Frank<\/strong><br \/>\n(Polizeibeamter bei der Kriminalpolizei Zwickau, Vorgangssachbearbeiter f\u00fcr die Ermittlungsgruppe \u00bbFr\u00fchling\u00ab, zust\u00e4ndig f\u00fcr die Aktenf\u00fchrung)<br \/>\n<a href=\"http:\/\/sachsen.nsu-watch.info\/index.php\/2016\/10\/26\/bericht-12-sitzung-20-juni-2016\/\">12. Sitzung, 20.06.2016<\/a><\/p>\n<p><strong>Scheibe, Rolf<br \/>\n<\/strong>(Polizeibeamter beim LKA Sachsen, ehem. Leiter des Dezernat 71)<br \/>\n<a href=\"http:\/\/sachsen.nsu-watch.info\/index.php\/2018\/06\/18\/34-bericht-28-mai-2018\/\">34. Sitzung, 28.05.2018<\/a><\/p>\n<p><strong>Schirrmacher, Georg<\/strong><br \/>\n(Zielfahndung LKA Th\u00fcringen)<br \/>\n<a href=\"http:\/\/sachsen.nsu-watch.info\/index.php\/2018\/02\/20\/bericht-28-sitzung-29-januar-2018\/\">28. Sitzung, 29.01.2018<\/a><\/p>\n<p><strong>Schlarb, Klaus Dieter<\/strong><br \/>\n(Staatsanwalt in Chemnitz, verantwortlich f\u00fcr die Ermittlungen zur NSU-Raubserie in Chemnitz und Zwickau)<br \/>\n<a href=\"http:\/\/sachsen.nsu-watch.info\/index.php\/2017\/03\/17\/bericht-17-sitzung-13-maerz-2017\/\">17. Sitzung, 13.03.2017<\/a><\/p>\n<p><strong>Schmiedel, Heiko<br \/>\n<\/strong>(Polizeibeamter, ehemals Staatsschutz Chemnitz bzw. Zwickau)<br \/>\n<a href=\"http:\/\/sachsen.nsu-watch.info\/index.php\/2018\/06\/18\/34-bericht-28-mai-2018\/\">34. Sitzung, 28.05.2018<\/a><\/p>\n<p><strong>Steiner, Ren\u00e9<\/strong><br \/>\n(LKA Sachsen, ehemals Soko Rex)<br \/>\n<a href=\"http:\/\/sachsen.nsu-watch.info\/index.php\/2018\/03\/26\/bericht-29-sitzung-12-maerz-2018\/\">29. Sitzung, 12.03.2018<\/a><\/p>\n<p><strong>T\u00fcshaus, Joachim<\/strong><br \/>\n(ehemals Landesamt f\u00fcr Verfassungsschutz Sachsen, Leiter der Abteilunug II \u00bbLinks- und Rechtsextremismus\u00ab 1993 bis 2004, sp\u00e4ter LfV-Fachaufsicht)<br \/>\n<a href=\"http:\/\/sachsen.nsu-watch.info\/index.php\/2017\/09\/05\/bericht-21-sitzung-28-august-2017\/\">21. Sitzung, 28.08.2017<\/a><\/p>\n<p><strong>Vahrenhold, Olaf<\/strong><br \/>\n(ehemals Landesamt f\u00fcr Verfassungsschutz Sachsen, Leiter der Abteilunug II \u00bbLinks- und Rechtsextremismus\u00ab 2004 -2013, ab 2005 Stellvertreter des LfV-Pr\u00e4sidenten)<br \/>\n<a href=\"http:\/\/sachsen.nsu-watch.info\/index.php\/2017\/09\/05\/bericht-21-sitzung-28-august-2017\/\">21. Sitzung, 28.08.2017<\/a><\/p>\n<p><strong>Walther, Lutz<\/strong><br \/>\n(Polizeibeamter, Kriminalhauptkommissar beim Kriminaldauerdienst, versuchte am Nachmittag des 4.11.2011 mit dem Diensttelefon den Anschluss von Beate Zsch\u00e4pe zu erreichen)<br \/>\n4. Sitzung, 14.09.2015 | <a href=\"http:\/\/sachsen.nsu-watch.info\/index.php\/2016\/09\/22\/bericht-10-sitzung-18-april-2016\/\">10. Sitzung, 18.04.2016<\/a><\/p>\n<p><strong>Werle, Thomas<\/strong><br \/>\n(<span class=\"\">leitender Ermittler beim BKA<\/span>)<br \/>\n<a href=\"http:\/\/sachsen.nsu-watch.info\/index.php\/2018\/10\/16\/bericht-38-sitzung-24-september-2018\/\">38. Sitzung, 24.09.2018<\/a><\/p>\n<p><strong>Wich, Andreas<\/strong><br \/>\n(Polizeibeamter beim Kriminaldauerdienst der Polizei Zwickau)<br \/>\n4. Sitzung, 14.09.2015<\/p>\n<p><strong>Wichitill, Volker<\/strong><br \/>\n(Mordermittler der Polizeidirektion Dresden bzw. Oberelbe-Osterzgebirge)<br \/>\n<a href=\"http:\/\/sachsen.nsu-watch.info\/index.php\/2018\/07\/02\/bericht-35-sitzung-25-juni-2018\/\"> 35. Sitzung, 25.06.2018<\/a><\/p>\n<p><strong>Wiegner, Uwe<\/strong><br \/>\n(Leitender Oberstaatsanwalt, zum Zeitpunkt der Selbstenttarnung des NSU bei der StA Zwickau, heute bei INES)<br \/>\n<a href=\"http:\/\/sachsen.nsu-watch.info\/index.php\/2016\/11\/14\/bericht-15-sitzung-7-november-2016\/\">15. Sitzung, 7.11.2016<\/a><\/p>\n<p><strong>Winkler, Lutz Thomas<\/strong><br \/>\n(Bewohner der Fr\u00fchlingsstra\u00dfe 26a, \u00fcbernahm Hausmeistert\u00e4tigkeiten in der Fr\u00fchlingsstra\u00dfe 26)<br \/>\n<a href=\"http:\/\/sachsen.nsu-watch.info\/index.php\/2016\/09\/22\/bericht-11-sitzung-23-mai-2016\/\">11. Sitzung, 23.05.2016<\/a><\/p>\n<p><strong>Wie\u00dfner, Norbert<\/strong><br \/>\n(LfV Th\u00fcringen, sp\u00e4ter LKA Th\u00fcringen)<br \/>\n<a href=\"http:\/\/sachsen.nsu-watch.info\/index.php\/2017\/11\/24\/bericht-26-sitzung-13-november-2017\/\">26. Sitzung, 13.11.2017<\/a><\/p>\n<p><strong>Zinserling (vormals Lange), Kathrin<\/strong><br \/>\n(Zielfahndung LKA Th\u00fcringen)<br \/>\n<a href=\"http:\/\/sachsen.nsu-watch.info\/index.php\/2018\/02\/20\/bericht-28-sitzung-29-januar-2018\/\">28. Sitzung, 29.01.2018<\/a><\/p>\n","protected":false},"excerpt":{"rendered":"<p>Baumann, Andreas (ehemaliger Inspekteur der Polizei im SMI) 38. Sitzung, 24.09.2018 Belling, Dirk (Datenschutzbeauftragter des LfV Sachsen) 35. Sitzung, 25.06.2018 Bindrich, Peter (ehemaliger Leiter des Jugendclubs Piccolo in Chemnitz) 37. Sitzung, 03.09.2018 Binz, Rainer (leitender Ermittler beim BKA) 38. Sitzung, 24.09.2018 Boos, Reinhard (ehemaliger Pr\u00e4sident des LfV Sachsen) 20. Sitzung, 19.06.2017 Czanderle, Bernd (ehemals LKA<\/p>\n<div class=\"read-more\"><a href=\"https:\/\/sachsen.nsu-watch.info\/index.php\/zeugeninnen\/\" title=\"Read More\">Read More<\/a><\/div>\n","protected":false},"author":1,"featured_media":0,"parent":0,"menu_order":0,"comment_status":"closed","ping_status":"closed","template":"","meta":{"footnotes":""},"class_list":["post-107","page","type-page","status-publish"],"_links":{"self":[{"href":"https:\/\/sachsen.nsu-watch.info\/index.php\/wp-json\/wp\/v2\/pages\/107","targetHints":{"allow":["GET"]}}],"collection":[{"href":"https:\/\/sachsen.nsu-watch.info\/index.php\/wp-json\/wp\/v2\/pages"}],"about":[{"href":"https:\/\/sachsen.nsu-watch.info\/index.php\/wp-json\/wp\/v2\/types\/page"}],"author":[{"embeddable":true,"href":"https:\/\/sachsen.nsu-watch.info\/index.php\/wp-json\/wp\/v2\/users\/1"}],"replies":[{"embeddable":true,"href":"https:\/\/sachsen.nsu-watch.info\/index.php\/wp-json\/wp\/v2\/comments?post=107"}],"version-history":[{"count":19,"href":"https:\/\/sachsen.nsu-watch.info\/index.php\/wp-json\/wp\/v2\/pages\/107\/revisions"}],"predecessor-version":[{"id":326,"href":"https:\/\/sachsen.nsu-watch.info\/index.php\/wp-json\/wp\/v2\/pages\/107\/revisions\/326"}],"wp:attachment":[{"href":"https:\/\/sachsen.nsu-watch.info\/index.php\/wp-json\/wp\/v2\/media?parent=107"}],"curies":[{"name":"wp","href":"https:\/\/api.w.org\/{rel}","templated":true}]}}